{"id":83,"date":"2018-11-15T21:18:11","date_gmt":"2018-11-15T20:18:11","guid":{"rendered":"http:\/\/usmlplongee.free.fr\/wp\/?page_id=83"},"modified":"2021-11-13T11:18:02","modified_gmt":"2021-11-13T10:18:02","slug":"la-piscine","status":"publish","type":"page","link":"http:\/\/usmlplongee.free.fr\/index.php\/la-piscine\/","title":{"rendered":"Piscine"},"content":{"rendered":"<p><img loading=\"lazy\" class=\" wp-image-133 aligncenter\" src=\"http:\/\/usmlplongee.free.fr\/wp\/wp-content\/uploads\/2018\/11\/projetpiscine-300x80.jpg\" alt=\"\" width=\"432\" height=\"115\" srcset=\"http:\/\/usmlplongee.free.fr\/wp\/wp-content\/uploads\/2018\/11\/projetpiscine-300x80.jpg 300w, http:\/\/usmlplongee.free.fr\/wp\/wp-content\/uploads\/2018\/11\/projetpiscine.jpg 569w\" sizes=\"(max-width: 432px) 100vw, 432px\" \/><\/p>\n<p>Au Centre Aquatique de Maisons-Laffitte, situ\u00e9 au 107 rue de\u00a0 la Muette, le bassin sportif\u00a0 int\u00e9rieur de 25 m (sur 6 lignes d&rsquo;eau, de profondeur maximum 2 m\u00e8tres) ou bien le grand bassin ext\u00e9rieur chauff\u00e9 de 50 m (dont la profondeur maximum est 3m50) sont utilis\u00e9s pour nos entra\u00eenements (selon les pr\u00e9cautions sanitaires et l&rsquo;ouverture des bassins). Le bassin ludique n&rsquo;est pas utilis\u00e9 par la section Subaquatique.<\/p>\n<p><img loading=\"lazy\" class=\" wp-image-134 aligncenter\" src=\"http:\/\/usmlplongee.free.fr\/wp\/wp-content\/uploads\/2018\/11\/CentreAquatique-1-300x225.jpg\" alt=\"\" width=\"439\" height=\"329\" srcset=\"http:\/\/usmlplongee.free.fr\/wp\/wp-content\/uploads\/2018\/11\/CentreAquatique-1-300x225.jpg 300w, http:\/\/usmlplongee.free.fr\/wp\/wp-content\/uploads\/2018\/11\/CentreAquatique-1.jpg 400w\" sizes=\"(max-width: 439px) 100vw, 439px\" \/><\/p>\n<p>Bonnet, slip de bain, boxer ou maillot sont obligatoires. Lycra autoris\u00e9s en ext\u00e9rieur, Shorts ou bermudas ne sont pas autoris\u00e9s, L&rsquo;apn\u00e9e libre est interdite.<\/p>\n<p>Autres d\u00e9tails :<\/p>\n<p><a href=\"http:\/\/www.usml.fr\/?installations=centre-aquatique-de-maisons-laffitte\" target=\"_blank\" rel=\"noopener noreferrer\">Sur le site usml.fr<\/a><br \/>\n<a href=\"http:\/\/www.usml.fr\/?installations=centre-aquatique-de-maisons-laffitte\" target=\"_blank\" rel=\"noopener noreferrer\">http:\/\/www.usml.fr\/?installations=centre-aquatique-de-maisons-laffitte<\/a><\/p>\n<p><a href=\"https:\/\/www.maisonslaffitte.fr\/index.php\/Centre-Aquatique?idpage=37&amp;afficheMenuContextuel=true\" target=\"_blank\" rel=\"noopener noreferrer\">Sur le site maisonslaffitte.fr<\/a><br \/>\n<a href=\"https:\/\/www.maisonslaffitte.fr\/index.php\/Centre-Aquatique?idpage=37&amp;afficheMenuContextuel=true\" target=\"_blank\" rel=\"noopener noreferrer\">https:\/\/www.maisonslaffitte.fr\/index.php\/Centre-Aquatique?idpage=37&amp;afficheMenuContextuel=true<\/a><\/p>\n","protected":false},"excerpt":{"rendered":"<p>Au Centre Aquatique de Maisons-Laffitte, situ\u00e9 au 107 rue de\u00a0 la Muette, le bassin sportif\u00a0 int\u00e9rieur de 25 m (sur 6 lignes d&rsquo;eau, de profondeur maximum 2 m\u00e8tres) ou bien le grand bassin ext\u00e9rieur chauff\u00e9 de 50 m (dont la profondeur maximum est 3m50) sont utilis\u00e9s pour nos entra\u00eenements (selon les pr\u00e9cautions sanitaires et l&rsquo;ouverture [&hellip;]<\/p>\n","protected":false},"author":1,"featured_media":0,"parent":0,"menu_order":0,"comment_status":"closed","ping_status":"closed","template":"","meta":[],"_links":{"self":[{"href":"http:\/\/usmlplongee.free.fr\/index.php\/wp-json\/wp\/v2\/pages\/83"}],"collection":[{"href":"http:\/\/usmlplongee.free.fr\/index.php\/wp-json\/wp\/v2\/pages"}],"about":[{"href":"http:\/\/usmlplongee.free.fr\/index.php\/wp-json\/wp\/v2\/types\/page"}],"author":[{"embeddable":true,"href":"http:\/\/usmlplongee.free.fr\/index.php\/wp-json\/wp\/v2\/users\/1"}],"replies":[{"embeddable":true,"href":"http:\/\/usmlplongee.free.fr\/index.php\/wp-json\/wp\/v2\/comments?post=83"}],"version-history":[{"count":17,"href":"http:\/\/usmlplongee.free.fr\/index.php\/wp-json\/wp\/v2\/pages\/83\/revisions"}],"predecessor-version":[{"id":1040,"href":"http:\/\/usmlplongee.free.fr\/index.php\/wp-json\/wp\/v2\/pages\/83\/revisions\/1040"}],"wp:attachment":[{"href":"http:\/\/usmlplongee.free.fr\/index.php\/wp-json\/wp\/v2\/media?parent=83"}],"curies":[{"name":"wp","href":"https:\/\/api.w.org\/{rel}","templated":true}]}}